{"id":7613,"date":"2024-12-05T05:39:02","date_gmt":"2024-12-05T04:39:02","guid":{"rendered":"https:\/\/figabyiga.com\/?page_id=7613"},"modified":"2026-02-15T19:28:26","modified_gmt":"2026-02-15T18:28:26","slug":"contact","status":"publish","type":"page","link":"https:\/\/figabyiga.com\/en\/contact\/","title":{"rendered":"Contact"},"content":{"rendered":"\t\t<div data-elementor-type=\"wp-page\" data-elementor-id=\"7613\" class=\"elementor elementor-7613\" data-elementor-post-type=\"page\">\n\t\t\t\t<div data-particle_enable=\"false\" data-particle-mobile-disabled=\"false\" class=\"elementor-element elementor-element-527ed5a e-flex e-con-boxed e-con e-parent\" data-id=\"527ed5a\" data-element_type=\"container\" data-e-type=\"container\" data-settings=\"{&quot;background_background&quot;:&quot;classic&quot;}\">\n\t\t\t\t\t<div class=\"e-con-inner\">\n\t\t<div data-particle_enable=\"false\" data-particle-mobile-disabled=\"false\" class=\"elementor-element elementor-element-ee6e0ca e-con-full e-flex e-con e-child\" data-id=\"ee6e0ca\" data-element_type=\"container\" data-e-type=\"container\">\n\t\t<div data-particle_enable=\"false\" data-particle-mobile-disabled=\"false\" class=\"elementor-element elementor-element-1aba659 e-con-full e-flex e-con e-child\" data-id=\"1aba659\" data-element_type=\"container\" data-e-type=\"container\">\n\t\t<div data-particle_enable=\"false\" data-particle-mobile-disabled=\"false\" class=\"elementor-element elementor-element-1378da7 e-con-full e-flex e-con e-child\" data-id=\"1378da7\" data-element_type=\"container\" data-e-type=\"container\">\n\t\t\t\t<div class=\"elementor-element elementor-element-c649a82 elementor-view-stacked elementor-shape-circle elementor-widget elementor-widget-icon\" data-id=\"c649a82\" data-element_type=\"widget\" data-e-type=\"widget\" data-widget_type=\"icon.default\">\n\t\t\t\t\t\t\t<div class=\"elementor-icon-wrapper\">\n\t\t\t<div class=\"elementor-icon\">\n\t\t\t<svg aria-hidden=\"true\" class=\"e-font-icon-svg e-fas-envelope\" viewBox=\"0 0 512 512\" xmlns=\"http:\/\/www.w3.org\/2000\/svg\"><path d=\"M502.3 190.8c3.9-3.1 9.7-.2 9.7 4.7V400c0 26.5-21.5 48-48 48H48c-26.5 0-48-21.5-48-48V195.6c0-5 5.7-7.8 9.7-4.7 22.4 17.4 52.1 39.5 154.1 113.6 21.1 15.4 56.7 47.8 92.2 47.6 35.7.3 72-32.8 92.3-47.6 102-74.1 131.6-96.3 154-113.7zM256 320c23.2.4 56.6-29.2 73.4-41.4 132.7-96.3 142.8-104.7 173.4-128.7 5.8-4.5 9.2-11.5 9.2-18.9v-19c0-26.5-21.5-48-48-48H48C21.5 64 0 85.5 0 112v19c0 7.4 3.4 14.3 9.2 18.9 30.6 23.9 40.7 32.4 173.4 128.7 16.8 12.2 50.2 41.8 73.4 41.4z\"><\/path><\/svg>\t\t\t<\/div>\n\t\t<\/div>\n\t\t\t\t\t\t<\/div>\n\t\t<div data-particle_enable=\"false\" data-particle-mobile-disabled=\"false\" class=\"elementor-element elementor-element-7d97216 e-con-full e-flex e-con e-child\" data-id=\"7d97216\" data-element_type=\"container\" data-e-type=\"container\">\n\t\t\t\t<div class=\"elementor-element elementor-element-df4fa33 elementor-widget elementor-widget-heading\" data-id=\"df4fa33\" data-element_type=\"widget\" data-e-type=\"widget\" data-widget_type=\"heading.default\">\n\t\t\t\t\t<h2 class=\"elementor-heading-title elementor-size-default\">Napisz do nas<\/h2>\t\t\t\t<\/div>\n\t\t\t\t<div class=\"elementor-element elementor-element-ca7b2bd elementor-widget elementor-widget-heading\" data-id=\"ca7b2bd\" data-element_type=\"widget\" data-e-type=\"widget\" data-widget_type=\"heading.default\">\n\t\t\t\t\t<p class=\"elementor-heading-title elementor-size-default\">hello@figabyiga.com<\/p>\t\t\t\t<\/div>\n\t\t\t\t<\/div>\n\t\t\t\t<\/div>\n\t\t<div data-particle_enable=\"false\" data-particle-mobile-disabled=\"false\" class=\"elementor-element elementor-element-ed5ced3 e-con-full e-flex e-con e-child\" data-id=\"ed5ced3\" data-element_type=\"container\" data-e-type=\"container\">\n\t\t\t\t<div class=\"elementor-element elementor-element-fb149d2 elementor-view-stacked elementor-shape-circle elementor-widget elementor-widget-icon\" data-id=\"fb149d2\" data-element_type=\"widget\" data-e-type=\"widget\" data-widget_type=\"icon.default\">\n\t\t\t\t\t\t\t<div class=\"elementor-icon-wrapper\">\n\t\t\t<div class=\"elementor-icon\">\n\t\t\t<svg aria-hidden=\"true\" class=\"e-font-icon-svg e-fab-facebook-messenger\" viewBox=\"0 0 512 512\" xmlns=\"http:\/\/www.w3.org\/2000\/svg\"><path d=\"M256.55 8C116.52 8 8 110.34 8 248.57c0 72.3 29.71 134.78 78.07 177.94 8.35 7.51 6.63 11.86 8.05 58.23A19.92 19.92 0 0 0 122 502.31c52.91-23.3 53.59-25.14 62.56-22.7C337.85 521.8 504 423.7 504 248.57 504 110.34 396.59 8 256.55 8zm149.24 185.13l-73 115.57a37.37 37.37 0 0 1-53.91 9.93l-58.08-43.47a15 15 0 0 0-18 0l-78.37 59.44c-10.46 7.93-24.16-4.6-17.11-15.67l73-115.57a37.36 37.36 0 0 1 53.91-9.93l58.06 43.46a15 15 0 0 0 18 0l78.41-59.38c10.44-7.98 24.14 4.54 17.09 15.62z\"><\/path><\/svg>\t\t\t<\/div>\n\t\t<\/div>\n\t\t\t\t\t\t<\/div>\n\t\t<div data-particle_enable=\"false\" data-particle-mobile-disabled=\"false\" class=\"elementor-element elementor-element-e46c65e e-con-full e-flex e-con e-child\" data-id=\"e46c65e\" data-element_type=\"container\" data-e-type=\"container\">\n\t\t\t\t<div class=\"elementor-element elementor-element-dac0838 elementor-widget elementor-widget-heading\" data-id=\"dac0838\" data-element_type=\"widget\" data-e-type=\"widget\" data-widget_type=\"heading.default\">\n\t\t\t\t\t<h2 class=\"elementor-heading-title elementor-size-default\">Zadzwo\u0144 lub napisz na WhatsApp<\/h2>\t\t\t\t<\/div>\n\t\t\t\t<div class=\"elementor-element elementor-element-6df40db elementor-widget elementor-widget-heading\" data-id=\"6df40db\" data-element_type=\"widget\" data-e-type=\"widget\" data-widget_type=\"heading.default\">\n\t\t\t\t\t<p class=\"elementor-heading-title elementor-size-default\">+48 888 664 642<\/p>\t\t\t\t<\/div>\n\t\t\t\t<\/div>\n\t\t\t\t<\/div>\n\t\t\t\t<\/div>\n\t\t\t\t<div class=\"elementor-element elementor-element-f23d68a elementor-widget-divider--view-line elementor-widget elementor-widget-divider\" data-id=\"f23d68a\" data-element_type=\"widget\" data-e-type=\"widget\" data-widget_type=\"divider.default\">\n\t\t\t\t\t\t\t<div class=\"elementor-divider\">\n\t\t\t<span class=\"elementor-divider-separator\">\n\t\t\t\t\t\t<\/span>\n\t\t<\/div>\n\t\t\t\t\t\t<\/div>\n\t\t<div data-particle_enable=\"false\" data-particle-mobile-disabled=\"false\" class=\"elementor-element elementor-element-23a64eb e-con-full e-flex e-con e-child\" data-id=\"23a64eb\" data-element_type=\"container\" data-e-type=\"container\">\n\t\t\t\t<div class=\"elementor-element elementor-element-e536800 elementor-widget__width-initial elementor-widget elementor-widget-image\" data-id=\"e536800\" data-element_type=\"widget\" data-e-type=\"widget\" data-widget_type=\"image.default\">\n\t\t\t\t\t\t\t\t\t\t\t\t\t\t\t<img fetchpriority=\"high\" decoding=\"async\" width=\"500\" height=\"539\" src=\"https:\/\/figabyiga.com\/wp-content\/uploads\/2022\/10\/Iga-kolo.png\" class=\"attachment-large size-large wp-image-6134\" alt=\"\" loading=\"eager\" \/>\t\t\t\t\t\t\t\t\t\t\t\t\t\t\t<\/div>\n\t\t<div data-particle_enable=\"false\" data-particle-mobile-disabled=\"false\" class=\"elementor-element elementor-element-d470806 e-con-full e-flex e-con e-child\" data-id=\"d470806\" data-element_type=\"container\" data-e-type=\"container\">\n\t\t\t\t<div class=\"elementor-element elementor-element-c542d13 elementor-widget elementor-widget-heading\" data-id=\"c542d13\" data-element_type=\"widget\" data-e-type=\"widget\" data-widget_type=\"heading.default\">\n\t\t\t\t\t<h3 class=\"elementor-heading-title elementor-size-default\">Do us\u0142yszenia!<\/h3>\t\t\t\t<\/div>\n\t\t\t\t<div class=\"elementor-element elementor-element-7b421c8 elementor-widget elementor-widget-heading\" data-id=\"7b421c8\" data-element_type=\"widget\" data-e-type=\"widget\" data-widget_type=\"heading.default\">\n\t\t\t\t\t<p class=\"elementor-heading-title elementor-size-default\">Iga Ko\u0142odziejczyk<\/p>\t\t\t\t<\/div>\n\t\t\t\t<\/div>\n\t\t\t\t<\/div>\n\t\t\t\t<\/div>\n\t\t<div data-particle_enable=\"false\" data-particle-mobile-disabled=\"false\" class=\"elementor-element elementor-element-dcdeab4 e-con-full e-flex e-con e-child\" data-id=\"dcdeab4\" data-element_type=\"container\" data-e-type=\"container\" data-settings=\"{&quot;background_background&quot;:&quot;classic&quot;}\">\n\t\t\t\t<div class=\"elementor-element elementor-element-1544233 elementor-widget elementor-widget-heading\" data-id=\"1544233\" data-element_type=\"widget\" data-e-type=\"widget\" data-widget_type=\"heading.default\">\n\t\t\t\t\t<h1 class=\"elementor-heading-title elementor-size-default\">Wyce\u0144 sw\u00f3j projekt<\/h1>\t\t\t\t<\/div>\n\t\t\t\t<div class=\"elementor-element elementor-element-e476aa8 elementor-widget__width-initial elementor-widget elementor-widget-text-editor\" data-id=\"e476aa8\" data-element_type=\"widget\" data-e-type=\"widget\" data-widget_type=\"text-editor.default\">\n\t\t\t\t\t\t\t\t\t<p>Masz pomys\u0142y? My mamy umiej\u0119tno\u015bci, \u017ceby je zrealizowa\u0107.<\/p>\t\t\t\t\t\t\t\t<\/div>\n\t\t<div data-particle_enable=\"false\" data-particle-mobile-disabled=\"false\" class=\"elementor-element elementor-element-72f3697 e-con-full e-flex e-con e-child\" data-id=\"72f3697\" data-element_type=\"container\" data-e-type=\"container\">\n\t\t<div data-particle_enable=\"false\" data-particle-mobile-disabled=\"false\" class=\"elementor-element elementor-element-48702a5 e-con-full e-flex e-con e-child\" data-id=\"48702a5\" data-element_type=\"container\" data-e-type=\"container\">\n\t\t\t\t<div class=\"elementor-element elementor-element-ff48359 elementor-button-align-stretch elementor-widget elementor-widget-global elementor-global-8402 elementor-widget-form\" data-id=\"ff48359\" data-element_type=\"widget\" data-e-type=\"widget\" data-settings=\"{&quot;step_next_label&quot;:&quot;Nast\\u0119pny&quot;,&quot;step_previous_label&quot;:&quot;Poprzedni&quot;,&quot;button_width&quot;:&quot;100&quot;,&quot;step_type&quot;:&quot;number_text&quot;,&quot;step_icon_shape&quot;:&quot;circle&quot;}\" data-widget_type=\"form.default\">\n\t\t\t\t\t\t\t<form class=\"elementor-form\" method=\"post\" id=\"contact\" name=\"New Form\" aria-label=\"New Form\">\n\t\t\t<input type=\"hidden\" name=\"post_id\" value=\"7613\"\/>\n\t\t\t<input type=\"hidden\" name=\"form_id\" value=\"ff48359\"\/>\n\t\t\t<input type=\"hidden\" name=\"referer_title\" value=\"Prezentacje dla firm\" \/>\n\n\t\t\t\n\t\t\t<div class=\"elementor-form-fields-wrapper elementor-labels-\">\n\t\t\t\t\t\t\t\t<div class=\"elementor-field-type-text elementor-field-group elementor-column elementor-field-group-name elementor-col-100 elementor-field-required\">\n\t\t\t\t\t\t\t\t\t\t\t\t<label for=\"form-field-name\" class=\"elementor-field-label elementor-screen-only\">\n\t\t\t\t\t\t\t\tName\t\t\t\t\t\t\t<\/label>\n\t\t\t\t\t\t\t\t\t\t\t\t\t\t<input size=\"1\" type=\"text\" name=\"form_fields[name]\" id=\"form-field-name\" class=\"elementor-field elementor-size-sm  elementor-field-textual\" placeholder=\"Imi\u0119 i nazwisko *\" required=\"required\">\n\t\t\t\t\t\t\t\t\t\t\t<\/div>\n\t\t\t\t\t\t\t\t<div class=\"elementor-field-type-email elementor-field-group elementor-column elementor-field-group-email elementor-col-100 elementor-field-required\">\n\t\t\t\t\t\t\t\t\t\t\t\t<label for=\"form-field-email\" class=\"elementor-field-label elementor-screen-only\">\n\t\t\t\t\t\t\t\tEmail\t\t\t\t\t\t\t<\/label>\n\t\t\t\t\t\t\t\t\t\t\t\t\t\t<input size=\"1\" type=\"email\" name=\"form_fields[email]\" id=\"form-field-email\" class=\"elementor-field elementor-size-sm  elementor-field-textual\" placeholder=\"Firmowy e-mail *\" required=\"required\">\n\t\t\t\t\t\t\t\t\t\t\t<\/div>\n\t\t\t\t\t\t\t\t<div class=\"elementor-field-type-textarea elementor-field-group elementor-column elementor-field-group-text elementor-col-100 elementor-field-required\">\n\t\t\t\t\t\t\t\t\t\t\t\t<label for=\"form-field-text\" class=\"elementor-field-label elementor-screen-only\">\n\t\t\t\t\t\t\t\tProjekt\t\t\t\t\t\t\t<\/label>\n\t\t\t\t\t\t<textarea class=\"elementor-field-textual elementor-field  elementor-size-sm\" name=\"form_fields[text]\" id=\"form-field-text\" rows=\"5\" placeholder=\"Opisz kr\u00f3tko sw\u00f3j projekt *\" required=\"required\"><\/textarea>\t\t\t\t<\/div>\n\t\t\t\t\t\t\t\t<div class=\"elementor-field-type-recaptcha_v3 elementor-field-group elementor-column elementor-field-group-field_117aceb elementor-col-100 recaptcha_v3-bottomright\">\n\t\t\t\t\t<div class=\"elementor-field\" id=\"form-field-field_117aceb\"><div class=\"elementor-g-recaptcha\" data-sitekey=\"6LftjUkaAAAAAP_HUeLQcRiOQYoQYO_D1OVjKKA8\" data-type=\"v3\" data-action=\"Form\" data-badge=\"bottomright\" data-size=\"invisible\"><\/div><\/div>\t\t\t\t<\/div>\n\t\t\t\t\t\t\t\t<div class=\"elementor-field-type-html elementor-field-group elementor-column elementor-field-group-field_9463502 elementor-col-100\">\n\t\t\t\t\tAdministratorem danych osobowych jest Astrotea. Pa\u0144stwa dane b\u0119d\u0105 przetwarzane w celu obs\u0142ugi powy\u017cszego zapytania. Wi\u0119cej na: <a href=\"https:\/\/figabyiga.com\/wp-content\/uploads\/2025\/05\/Polityka-Prywatnosci-Figa-by-Iga.pdf\">Polityka Prywatno\u015bci<\/a>\t\t\t\t<\/div>\n\t\t\t\t\t\t\t\t<div class=\"elementor-field-group elementor-column elementor-field-type-submit elementor-col-100 e-form__buttons\">\n\t\t\t\t\t<button class=\"elementor-button elementor-size-md\" type=\"submit\">\n\t\t\t\t\t\t<span class=\"elementor-button-content-wrapper\">\n\t\t\t\t\t\t\t\t\t\t\t\t\t\t\t\t\t\t\t\t\t\t<span class=\"elementor-button-text\">Wy\u015blij<\/span>\n\t\t\t\t\t\t\t\t\t\t\t\t\t<\/span>\n\t\t\t\t\t<\/button>\n\t\t\t\t<\/div>\n\t\t\t<\/div>\n\t\t<\/form>\n\t\t\t\t\t\t<\/div>\n\t\t\t\t<\/div>\n\t\t\t\t<\/div>\n\t\t\t\t<\/div>\n\t\t\t\t\t<\/div>\n\t\t\t\t<\/div>\n\t\t\t\t<\/div>\n\t\t","protected":false},"excerpt":{"rendered":"<p>Write to us hello@figabyiga.com Call or WhatsApp +48 888 664 642 Until we hear from you! Iga Kolodziejczyk Rate your project Do you have ideas? We have the skills to make them happen.<\/p>","protected":false},"author":1,"featured_media":7486,"parent":0,"menu_order":2,"comment_status":"closed","ping_status":"closed","template":"elementor_header_footer","meta":{"_acf_changed":false,"footnotes":""},"class_list":["post-7613","page","type-page","status-publish","has-post-thumbnail","hentry"],"acf":[],"yoast_head":"<!-- This site is optimized with the Yoast SEO Premium plugin v26.8 (Yoast SEO v27.5) - https:\/\/yoast.com\/product\/yoast-seo-premium-wordpress\/ -->\n<title>Kontakt &#8226; Prezentacje dla firm<\/title>\n<meta name=\"robots\" content=\"index, follow, max-snippet:-1, max-image-preview:large, max-video-preview:-1\" \/>\n<link rel=\"canonical\" href=\"https:\/\/figabyiga.com\/en\/contact\/\" \/>\n<meta property=\"og:locale\" content=\"en_US\" \/>\n<meta property=\"og:type\" content=\"article\" \/>\n<meta property=\"og:title\" content=\"Kontakt\" \/>\n<meta property=\"og:description\" content=\"Napisz do nas hello@figabyiga.com Zadzwo\u0144 lub napisz na WhatsApp +48 888 664 642 Do us\u0142yszenia! Iga Ko\u0142odziejczyk Wyce\u0144 sw\u00f3j projekt Masz pomys\u0142y? My mamy\" \/>\n<meta property=\"og:url\" content=\"https:\/\/figabyiga.com\/en\/contact\/\" \/>\n<meta property=\"og:site_name\" content=\"Prezentacje dla firm\" \/>\n<meta property=\"article:publisher\" content=\"https:\/\/www.facebook.com\/astrotea.agency\" \/>\n<meta property=\"article:modified_time\" content=\"2026-02-15T18:28:26+00:00\" \/>\n<meta property=\"og:image\" content=\"https:\/\/figabyiga.com\/wp-content\/uploads\/2024\/12\/hero-pc-images-002.webp\" \/>\n\t<meta property=\"og:image:width\" content=\"921\" \/>\n\t<meta property=\"og:image:height\" content=\"886\" \/>\n\t<meta property=\"og:image:type\" content=\"image\/webp\" \/>\n<meta name=\"twitter:card\" content=\"summary_large_image\" \/>\n<script type=\"application\/ld+json\" class=\"yoast-schema-graph\">{\"@context\":\"https:\\\/\\\/schema.org\",\"@graph\":[{\"@type\":\"WebPage\",\"@id\":\"https:\\\/\\\/figabyiga.com\\\/kontakt\\\/\",\"url\":\"https:\\\/\\\/figabyiga.com\\\/kontakt\\\/\",\"name\":\"Kontakt &#8226; Prezentacje dla firm\",\"isPartOf\":{\"@id\":\"https:\\\/\\\/figabyiga.com\\\/#website\"},\"primaryImageOfPage\":{\"@id\":\"https:\\\/\\\/figabyiga.com\\\/kontakt\\\/#primaryimage\"},\"image\":{\"@id\":\"https:\\\/\\\/figabyiga.com\\\/kontakt\\\/#primaryimage\"},\"thumbnailUrl\":\"https:\\\/\\\/figabyiga.com\\\/wp-content\\\/uploads\\\/2024\\\/12\\\/hero-pc-images-002.webp\",\"datePublished\":\"2024-12-05T04:39:02+00:00\",\"dateModified\":\"2026-02-15T18:28:26+00:00\",\"breadcrumb\":{\"@id\":\"https:\\\/\\\/figabyiga.com\\\/kontakt\\\/#breadcrumb\"},\"inLanguage\":\"en-US\",\"potentialAction\":[{\"@type\":\"ReadAction\",\"target\":[\"https:\\\/\\\/figabyiga.com\\\/kontakt\\\/\"]}]},{\"@type\":\"ImageObject\",\"inLanguage\":\"en-US\",\"@id\":\"https:\\\/\\\/figabyiga.com\\\/kontakt\\\/#primaryimage\",\"url\":\"https:\\\/\\\/figabyiga.com\\\/wp-content\\\/uploads\\\/2024\\\/12\\\/hero-pc-images-002.webp\",\"contentUrl\":\"https:\\\/\\\/figabyiga.com\\\/wp-content\\\/uploads\\\/2024\\\/12\\\/hero-pc-images-002.webp\",\"width\":921,\"height\":886},{\"@type\":\"BreadcrumbList\",\"@id\":\"https:\\\/\\\/figabyiga.com\\\/kontakt\\\/#breadcrumb\",\"itemListElement\":[{\"@type\":\"ListItem\",\"position\":1,\"name\":\"Strona g\u0142\u00f3wna\",\"item\":\"https:\\\/\\\/figabyiga.com\\\/\"},{\"@type\":\"ListItem\",\"position\":2,\"name\":\"Kontakt\"}]},{\"@type\":\"WebSite\",\"@id\":\"https:\\\/\\\/figabyiga.com\\\/#website\",\"url\":\"https:\\\/\\\/figabyiga.com\\\/\",\"name\":\"Prezentacje PowerPoint i Google Slides dla firm\",\"description\":\"Nowoczesne prezentacje dla biznesu\",\"publisher\":{\"@id\":\"https:\\\/\\\/figabyiga.com\\\/#organization\"},\"alternateName\":\"Figa Slides\",\"potentialAction\":[{\"@type\":\"SearchAction\",\"target\":{\"@type\":\"EntryPoint\",\"urlTemplate\":\"https:\\\/\\\/figabyiga.com\\\/?s={search_term_string}\"},\"query-input\":{\"@type\":\"PropertyValueSpecification\",\"valueRequired\":true,\"valueName\":\"search_term_string\"}}],\"inLanguage\":\"en-US\"},{\"@type\":\"Organization\",\"@id\":\"https:\\\/\\\/figabyiga.com\\\/#organization\",\"name\":\"Figa Slides\",\"alternateName\":\"Figa\",\"url\":\"https:\\\/\\\/figabyiga.com\\\/\",\"logo\":{\"@type\":\"ImageObject\",\"inLanguage\":\"en-US\",\"@id\":\"https:\\\/\\\/figabyiga.com\\\/#\\\/schema\\\/logo\\\/image\\\/\",\"url\":\"https:\\\/\\\/figabyiga.com\\\/wp-content\\\/uploads\\\/2022\\\/08\\\/logo-black.svg\",\"contentUrl\":\"https:\\\/\\\/figabyiga.com\\\/wp-content\\\/uploads\\\/2022\\\/08\\\/logo-black.svg\",\"width\":758,\"height\":331,\"caption\":\"Figa Slides\"},\"image\":{\"@id\":\"https:\\\/\\\/figabyiga.com\\\/#\\\/schema\\\/logo\\\/image\\\/\"},\"sameAs\":[\"https:\\\/\\\/www.facebook.com\\\/astrotea.agency\",\"https:\\\/\\\/www.instagram.com\\\/astrotea_agency\\\/\",\"https:\\\/\\\/www.behance.net\\\/figaslides\"]}]}<\/script>\n<!-- \/ Yoast SEO Premium plugin. -->","yoast_head_json":{"title":"Contact - Presentations for companies","robots":{"index":"index","follow":"follow","max-snippet":"max-snippet:-1","max-image-preview":"max-image-preview:large","max-video-preview":"max-video-preview:-1"},"canonical":"https:\/\/figabyiga.com\/en\/contact\/","og_locale":"en_US","og_type":"article","og_title":"Kontakt","og_description":"Napisz do nas hello@figabyiga.com Zadzwo\u0144 lub napisz na WhatsApp +48 888 664 642 Do us\u0142yszenia! Iga Ko\u0142odziejczyk Wyce\u0144 sw\u00f3j projekt Masz pomys\u0142y? My mamy","og_url":"https:\/\/figabyiga.com\/en\/contact\/","og_site_name":"Prezentacje dla firm","article_publisher":"https:\/\/www.facebook.com\/astrotea.agency","article_modified_time":"2026-02-15T18:28:26+00:00","og_image":[{"width":921,"height":886,"url":"https:\/\/figabyiga.com\/wp-content\/uploads\/2024\/12\/hero-pc-images-002.webp","type":"image\/webp"}],"twitter_card":"summary_large_image","schema":{"@context":"https:\/\/schema.org","@graph":[{"@type":"WebPage","@id":"https:\/\/figabyiga.com\/kontakt\/","url":"https:\/\/figabyiga.com\/kontakt\/","name":"Contact - Presentations for companies","isPartOf":{"@id":"https:\/\/figabyiga.com\/#website"},"primaryImageOfPage":{"@id":"https:\/\/figabyiga.com\/kontakt\/#primaryimage"},"image":{"@id":"https:\/\/figabyiga.com\/kontakt\/#primaryimage"},"thumbnailUrl":"https:\/\/figabyiga.com\/wp-content\/uploads\/2024\/12\/hero-pc-images-002.webp","datePublished":"2024-12-05T04:39:02+00:00","dateModified":"2026-02-15T18:28:26+00:00","breadcrumb":{"@id":"https:\/\/figabyiga.com\/kontakt\/#breadcrumb"},"inLanguage":"en-US","potentialAction":[{"@type":"ReadAction","target":["https:\/\/figabyiga.com\/kontakt\/"]}]},{"@type":"ImageObject","inLanguage":"en-US","@id":"https:\/\/figabyiga.com\/kontakt\/#primaryimage","url":"https:\/\/figabyiga.com\/wp-content\/uploads\/2024\/12\/hero-pc-images-002.webp","contentUrl":"https:\/\/figabyiga.com\/wp-content\/uploads\/2024\/12\/hero-pc-images-002.webp","width":921,"height":886},{"@type":"BreadcrumbList","@id":"https:\/\/figabyiga.com\/kontakt\/#breadcrumb","itemListElement":[{"@type":"ListItem","position":1,"name":"Strona g\u0142\u00f3wna","item":"https:\/\/figabyiga.com\/"},{"@type":"ListItem","position":2,"name":"Kontakt"}]},{"@type":"WebSite","@id":"https:\/\/figabyiga.com\/#website","url":"https:\/\/figabyiga.com\/","name":"PowerPoint presentations and Google Slides for businesses","description":"Modern presentations for business","publisher":{"@id":"https:\/\/figabyiga.com\/#organization"},"alternateName":"Figa Slides","potentialAction":[{"@type":"SearchAction","target":{"@type":"EntryPoint","urlTemplate":"https:\/\/figabyiga.com\/?s={search_term_string}"},"query-input":{"@type":"PropertyValueSpecification","valueRequired":true,"valueName":"search_term_string"}}],"inLanguage":"en-US"},{"@type":"Organization","@id":"https:\/\/figabyiga.com\/#organization","name":"Figa Slides","alternateName":"Figa","url":"https:\/\/figabyiga.com\/","logo":{"@type":"ImageObject","inLanguage":"en-US","@id":"https:\/\/figabyiga.com\/#\/schema\/logo\/image\/","url":"https:\/\/figabyiga.com\/wp-content\/uploads\/2022\/08\/logo-black.svg","contentUrl":"https:\/\/figabyiga.com\/wp-content\/uploads\/2022\/08\/logo-black.svg","width":758,"height":331,"caption":"Figa Slides"},"image":{"@id":"https:\/\/figabyiga.com\/#\/schema\/logo\/image\/"},"sameAs":["https:\/\/www.facebook.com\/astrotea.agency","https:\/\/www.instagram.com\/astrotea_agency\/","https:\/\/www.behance.net\/figaslides"]}]}},"_links":{"self":[{"href":"https:\/\/figabyiga.com\/en\/wp-json\/wp\/v2\/pages\/7613","targetHints":{"allow":["GET"]}}],"collection":[{"href":"https:\/\/figabyiga.com\/en\/wp-json\/wp\/v2\/pages"}],"about":[{"href":"https:\/\/figabyiga.com\/en\/wp-json\/wp\/v2\/types\/page"}],"author":[{"embeddable":true,"href":"https:\/\/figabyiga.com\/en\/wp-json\/wp\/v2\/users\/1"}],"replies":[{"embeddable":true,"href":"https:\/\/figabyiga.com\/en\/wp-json\/wp\/v2\/comments?post=7613"}],"version-history":[{"count":5,"href":"https:\/\/figabyiga.com\/en\/wp-json\/wp\/v2\/pages\/7613\/revisions"}],"predecessor-version":[{"id":9296,"href":"https:\/\/figabyiga.com\/en\/wp-json\/wp\/v2\/pages\/7613\/revisions\/9296"}],"wp:featuredmedia":[{"embeddable":true,"href":"https:\/\/figabyiga.com\/en\/wp-json\/wp\/v2\/media\/7486"}],"wp:attachment":[{"href":"https:\/\/figabyiga.com\/en\/wp-json\/wp\/v2\/media?parent=7613"}],"curies":[{"name":"wp","href":"https:\/\/api.w.org\/{rel}","templated":true}]}}